{"id":10235,"date":"2017-11-09T07:26:50","date_gmt":"2017-11-09T06:26:50","guid":{"rendered":"https:\/\/www.aerredivani.it\/richiedi-punto-vendita\/"},"modified":"2022-04-11T17:21:09","modified_gmt":"2022-04-11T15:21:09","slug":"richiedi-punto-vendita","status":"publish","type":"page","link":"https:\/\/www.aerredivani.it\/fr\/richiedi-punto-vendita\/","title":{"rendered":"Punti vendita"},"content":{"rendered":"<p>[vc_row][vc_column]\n\t\t\t<!-- START punti vendita  FR REVOLUTION SLIDER 6.5.7 --><p class=\"rs-p-wp-fix\"><\/p>\n\t\t\t<rs-module-wrap id=\"rev_slider_139_1_wrapper\" data-source=\"gallery\" style=\"visibility:hidden;background:transparent;padding:0;margin:0px auto;margin-top:0;margin-bottom:0;\">\n\t\t\t\t<rs-module id=\"rev_slider_139_1\" style=\"\" data-version=\"6.5.7\">\n\t\t\t\t\t<rs-slides>\n\t\t\t\t\t\t<rs-slide style=\"position: absolute;\" data-key=\"rs-335\" data-title=\"Slide\" data-in=\"o:0;\" data-out=\"a:false;\">\n\t\t\t\t\t\t\t<img fetchpriority=\"high\" decoding=\"async\" src=\"\/\/www.aerredivani.it\/wp-content\/plugins\/revslider\/public\/assets\/assets\/dummy.png\" width=\"1920\" height=\"1080\" class=\"rev-slidebg tp-rs-img rs-lazyload\" data-lazyload=\"\/\/www.aerredivani.it\/wp-content\/uploads\/2021\/12\/Schermata-2021-12-23-alle-15.28-1.jpg\" data-parallax=\"8\" data-no-retina>\n<!--\n\t\t\t\t\t\t\t--><rs-layer\n\t\t\t\t\t\t\t\tid=\"slider-139-slide-335-layer-0\" \n\t\t\t\t\t\t\t\tdata-type=\"shape\"\n\t\t\t\t\t\t\t\tdata-rsp_ch=\"on\"\n\t\t\t\t\t\t\t\tdata-xy=\"x:c;xo:0,-75px,-7px,-4px;y:m;yo:0,-7px,-4px,-2px;\"\n\t\t\t\t\t\t\t\tdata-text=\"w:normal;s:20,14,7,4;l:0,18,10,6;\"\n\t\t\t\t\t\t\t\tdata-dim=\"w:3000px,2187px,786px,484px;h:1888px,544px,464px,482px;\"\n\t\t\t\t\t\t\t\tdata-frame_999=\"o:0;st:w;\"\n\t\t\t\t\t\t\t\tstyle=\"z-index:8;background-color:rgba(0,0,0,0.21);\"\n\t\t\t\t\t\t\t> \n\t\t\t\t\t\t\t<\/rs-layer><!--\n\n\t\t\t\t\t\t\t--><rs-layer\n\t\t\t\t\t\t\t\tid=\"slider-139-slide-335-layer-5\" \n\t\t\t\t\t\t\t\tdata-type=\"text\"\n\t\t\t\t\t\t\t\tdata-rsp_ch=\"on\"\n\t\t\t\t\t\t\t\tdata-xy=\"x:c;xo:0,455px,131px,0;y:t,t,t,m;yo:378px,323px,350px,0;\"\n\t\t\t\t\t\t\t\tdata-text=\"w:normal;s:95,97,90,64;l:90,91,85,60;a:left,left,left,center;\"\n\t\t\t\t\t\t\t\tdata-dim=\"w:auto,auto,auto,357px;h:auto,auto,auto,136.1764705882353px;\"\n\t\t\t\t\t\t\t\tdata-frame_1=\"e:power4.inOut;sp:1500;\"\n\t\t\t\t\t\t\t\tdata-frame_999=\"o:0;st:w;\"\n\t\t\t\t\t\t\t\tstyle=\"z-index:10;font-family:'Roboto Condensed';\"\n\t\t\t\t\t\t\t>Trouvez votre magasin le plus proche \n\t\t\t\t\t\t\t<\/rs-layer><!--\n-->\t\t\t\t\t\t<\/rs-slide>\n\t\t\t\t\t<\/rs-slides>\n\t\t\t\t\t<rs-static-layers class=\"rs-stl-visible\"><!--\n\t\t\t\t\t--><\/rs-static-layers>\n\t\t\t\t<\/rs-module>\n\t\t\t\t<script type=\"text\/javascript\">\n\t\t\t\t\tsetREVStartSize({c: 'rev_slider_139_1',rl:[1240,1024,778,480],el:[870,668,450,450],gw:[1920,1400,778,480],gh:[870,870,450,450],type:'hero',justify:'',layout:'fullwidth',mh:\"0\"});if (window.RS_MODULES!==undefined && window.RS_MODULES.modules!==undefined && window.RS_MODULES.modules[\"revslider1391\"]!==undefined) {window.RS_MODULES.modules[\"revslider1391\"].once = false;window.revapi139 = undefined;if (window.RS_MODULES.checkMinimal!==undefined) window.RS_MODULES.checkMinimal()}\n\t\t\t\t<\/script>\n\t\t\t<\/rs-module-wrap>\n\t\t\t<!-- END REVOLUTION SLIDER -->\n[\/vc_column][\/vc_row][vc_row][vc_column][vc_column_text][\/vc_column_text][\/vc_column][\/vc_row][vc_row disable_element=&#8221;yes&#8221; row_content_width=&#8221;grid&#8221; css=&#8221;.vc_custom_1640276079525{padding-top: 88px !important;padding-bottom: 70px !important;}&#8221;][vc_column offset=&#8221;vc_col-lg-4 vc_col-md-12 vc_col-xs-12&#8243;]<div class=\"edgtf-elements-holder   edgtf-one-column  edgtf-responsive-mode-768 \" ><div class=\"edgtf-eh-item    \"  data-item-class=\"edgtf-eh-custom-1826\" data-1024-1280=\"0 0% 0 5%\" data-768-1024=\"0 0 20px 13%\" data-680-768=\"0 0% 20px 12%\">\n\t<div class=\"edgtf-eh-item-inner\">\n\t\t<div class=\"edgtf-eh-item-content edgtf-eh-custom-1826\" style=\"padding: 0 0% 0 14%\">\n\t\t\t<div class=\"edgtf-section-title-holder  edgtf-st-standard  edgtf-st-position-left edgtf-appear-fx\" >\n\t\t<div class=\"edgtf-st-inner\">\n                    <div class=\"edgtf-st-title-holder\">\n                <h2 class=\"edgtf-st-title\" style=\"color: #202020\">\n                    STUNNING DESIGN. PERFECT QUALITY. REASONABLE PRICES.                <\/h2>\n            <\/div>\n\t\t\t\t\t<\/div>\n    <\/div>\t\t<\/div>\n\t<\/div>\n<\/div><\/div>[\/vc_column][vc_column offset=&#8221;vc_col-lg-8 vc_col-md-12 vc_col-xs-12&#8243;]<div class=\"edgtf-elements-holder   edgtf-one-column  edgtf-responsive-mode-768 \" ><div class=\"edgtf-eh-item    \"  data-item-class=\"edgtf-eh-custom-3021\">\n\t<div class=\"edgtf-eh-item-inner\">\n\t\t<div class=\"edgtf-eh-item-content edgtf-eh-custom-3021\" style=\"padding: 0 13% 0 13%\">\n\t\t\t[vc_column_text]Proin gravida nibh vel velit auctor aliquet. Aenean sollicitudin, lorem quis bibendum auctor, nisi elit consequat ipsum, nec sagittis sem nibh id elit. Duis sed odio sit amet nibh vulputate cursus a sit amet mauris. Morbi accumsan ipsum velit. Nam nec tellus a odio tincidunt auctor a ornare odio.[\/vc_column_text]\t\t<\/div>\n\t<\/div>\n<\/div><\/div>[\/vc_column][\/vc_row][vc_row][vc_column][vc_empty_space height=&#8221;70px&#8221;][\/vc_column][\/vc_row][vc_row disable_element=&#8221;yes&#8221; row_content_width=&#8221;grid&#8221; content_text_aligment=&#8221;center&#8221;][vc_column width=&#8221;1\/3&#8243;][vc_raw_html]JTNDaW1nJTIwc3R5bGUlM0QlMjJ3aWR0aCUzQSUyMDIwJTI1JTNCJTIyJTIwc3JjJTNEJTIyaHR0cHMlM0ElMkYlMkZpbWcuaWNvbnM4LmNvbSUyRmlvcyUyRjEwMCUyRjAwMDAwMCUyRnNweWdsYXNzLnBuZyUyMiUyRiUzRQ==[\/vc_raw_html][vc_column_text]Richiedi dove si trova il tuo <strong>punto vendita pi\u00f9 vicino<\/strong>[\/vc_column_text][vc_empty_space height=&#8221;40px&#8221;][\/vc_column][vc_column width=&#8221;1\/3&#8243;][vc_raw_html]JTNDaW1nJTIwc3R5bGUlM0QlMjJ3aWR0aCUzQSUyMDIwJTI1JTNCJTIyJTIwc3JjJTNEJTIyaHR0cHMlM0ElMkYlMkZpbWcuaWNvbnM4LmNvbSUyRmlvcyUyRjk2JTJGMDAwMDAwJTJGbWFya2VyLS12MS5wbmclMjIlMkYlM0U=[\/vc_raw_html][vc_column_text]Trova tutte le <strong>informazioni<\/strong>, le <strong>offerte<\/strong> e le <strong>novit\u00e0<\/strong>[\/vc_column_text][vc_empty_space height=&#8221;40px&#8221;][\/vc_column][vc_column width=&#8221;1\/3&#8243;][vc_raw_html]JTNDaW1nJTIwc3R5bGUlM0QlMjJ3aWR0aCUzQSUyMDIwJTI1JTNCJTIyJTIwc3JjJTNEJTIyaHR0cHMlM0ElMkYlMkZpbWcuaWNvbnM4LmNvbSUyRmlvcyUyRjk2JTJGMDAwMDAwJTJGc3Rhci0tdjEucG5nJTIyJTJGJTNF[\/vc_raw_html][vc_column_text]Mantieni il tuo punto vendita come <strong>preferito<\/strong>[\/vc_column_text][vc_empty_space height=&#8221;40px&#8221;][\/vc_column][\/vc_row][vc_row][vc_column][vc_column_text]<\/p>\n<h4 style=\"text-align: center;\"><strong>Trouvez le point de vente Aerre le plus proche! <\/strong><\/h4>\n<p style=\"text-align: center;\">Remplissez le formulaire ci-dessous et envoyez votre demande\u00a0: nous vous communiquerons rapidement le nom du revendeur le plus proche .<\/p>\n<p>[\/vc_column_text][\/vc_column][\/vc_row][vc_row][vc_column][vc_empty_space height=&#8221;50px&#8221;][\/vc_column][\/vc_row][vc_row row_content_width=&#8221;grid&#8221;][vc_column css=&#8221;.vc_custom_1640701826316{background-color: #31383e !important;}&#8221;]\n<div class=\"wpcf7 no-js\" id=\"wpcf7-f10238-o1\" lang=\"fr-FR\" dir=\"ltr\">\n<div class=\"screen-reader-response\"><p role=\"status\" aria-live=\"polite\" aria-atomic=\"true\"><\/p> <ul><\/ul><\/div>\n<form action=\"\/fr\/wp-json\/wp\/v2\/pages\/10235#wpcf7-f10238-o1\" method=\"post\" class=\"wpcf7-form init\" aria-label=\"Formulaire de contact\" novalidate=\"novalidate\" data-status=\"init\">\n<div style=\"display: none;\">\n<input type=\"hidden\" name=\"_wpcf7\" value=\"10238\" \/>\n<input type=\"hidden\" name=\"_wpcf7_version\" value=\"5.9.4\" \/>\n<input type=\"hidden\" name=\"_wpcf7_locale\" value=\"fr_FR\" \/>\n<input type=\"hidden\" name=\"_wpcf7_unit_tag\" value=\"wpcf7-f10238-o1\" \/>\n<input type=\"hidden\" name=\"_wpcf7_container_post\" value=\"0\" \/>\n<input type=\"hidden\" name=\"_wpcf7_posted_data_hash\" value=\"\" \/>\n<input type=\"hidden\" name=\"_wpcf7_recaptcha_response\" value=\"\" \/>\n<\/div>\n<div class=\"edgt-cf7-wrapper edgtf-custom-form\">\n\t<div class=\"edgtf-grid-row\">\n\t\t<div class=\"edgtf-grid-col-6\">\n\t\t\t<p><span class=\"wpcf7-form-control-wrap\" data-name=\"your-name\"><input size=\"40\" class=\"wpcf7-form-control wpcf7-text wpcf7-validates-as-required\" aria-required=\"true\" aria-invalid=\"false\" placeholder=\"Nom et Prenom*\" value=\"\" type=\"text\" name=\"your-name\" \/><\/span>\n\t\t\t<\/p>\n\t\t<\/div>\n\t\t<div class=\"edgtf-grid-col-6\">\n\t\t\t<p><span class=\"wpcf7-form-control-wrap\" data-name=\"email-281\"><input size=\"40\" class=\"wpcf7-form-control wpcf7-email wpcf7-validates-as-required wpcf7-text wpcf7-validates-as-email\" aria-required=\"true\" aria-invalid=\"false\" placeholder=\"Email*\" value=\"\" type=\"email\" name=\"email-281\" \/><\/span>\n\t\t\t<\/p>\n\t\t<\/div>\n\t<\/div>\n\t<div class=\"edgtf-grid-row\">\n\t\t<div class=\"edgtf-grid-col-6\">\n\t\t\t<p><span class=\"wpcf7-form-control-wrap\" data-name=\"text-202\"><input size=\"40\" class=\"wpcf7-form-control wpcf7-text wpcf7-validates-as-required\" aria-required=\"true\" aria-invalid=\"false\" placeholder=\"Ville*\" value=\"\" type=\"text\" name=\"text-202\" \/><\/span>\n\t\t\t<\/p>\n\t\t<\/div>\n\t\t<div class=\"edgtf-grid-col-6\">\n\t\t\t<p><span class=\"wpcf7-form-control-wrap\" data-name=\"text-203\"><input size=\"40\" class=\"wpcf7-form-control wpcf7-text wpcf7-validates-as-required\" aria-required=\"true\" aria-invalid=\"false\" placeholder=\"CAP*\" value=\"\" type=\"text\" name=\"text-203\" \/><\/span>\n\t\t\t<\/p>\n\t\t<\/div>\n\t<\/div>\n\t<div style=\"display: contents;\" class=\"edgtf-grid-row\">\n\t\t<p><span class=\"wpcf7-form-control-wrap\" data-name=\"acceptance-379\"><span class=\"wpcf7-form-control wpcf7-acceptance\"><span class=\"wpcf7-list-item\"><label><input type=\"checkbox\" name=\"acceptance-379\" value=\"1\" aria-invalid=\"false\" \/><span class=\"wpcf7-list-item-label\"><p style=\"display: contents;color:#fff\">J'autorise le traitement des donn\u00e9es conform\u00e9ment au d\u00e9cret l\u00e9gislatif 196\/03 et GDPR 679\/2016 et la l\u00e9gislation applicable. <a href=\"https:\/\/www.iubenda.com\/privacy-policy\/29265381\" class=\"iubenda-nostyle no-brand iubenda-embed\" style=\"text-decoration: underline; color:#fff\" title=\"Privacy Policy \">Voir notre politique de confidentialit\u00e9<\/a><\/p><\/span><\/label><\/span><\/span><\/span>\n\t\t<\/p>\n\t<\/div>\n\t<div style=\"display: contents;\" class=\"edgtf-grid-row\">\n\t\t<p><span class=\"wpcf7-form-control-wrap\" data-name=\"acceptance-921\"><span class=\"wpcf7-form-control wpcf7-acceptance optional\"><span class=\"wpcf7-list-item\"><label><input type=\"checkbox\" name=\"acceptance-921\" value=\"1\" aria-invalid=\"false\" \/><span class=\"wpcf7-list-item-label\"><p style=\"display: contents;color:#fff\">J'accepte d'\u00eatre contact\u00e9 par votre revendeur local \/ architecte d'int\u00e9rieur.<\/p><\/span><\/label><\/span><\/span><\/span>\n\t\t<\/p>\n\t<\/div>\n\t<div class=\"edgtf-grid-col-12\">\n\t\t<p><input class=\"wpcf7-form-control wpcf7-submit has-spinner\" type=\"submit\" value=\"Invia\" \/>\n\t\t<\/p>\n\t<\/div>\n<\/div><div class=\"wpcf7-response-output\" aria-hidden=\"true\"><\/div>\n<\/form>\n<\/div>\n[\/vc_column][\/vc_row][vc_row][vc_column][vc_empty_space height=&#8221;50px&#8221;][\/vc_column][\/vc_row]<\/p>\n","protected":false},"excerpt":{"rendered":"<p>[vc_row][vc_column][\/vc_column][\/vc_row][vc_row][vc_column][vc_column_text][\/vc_column_text][\/vc_column][\/vc_row][vc_row disable_element=&#8221;yes&#8221; row_content_width=&#8221;grid&#8221; css=&#8221;.vc_custom_1640276079525{padding-top: 88px !important;padding-bottom: 70px !important;}&#8221;][vc_column offset=&#8221;vc_col-lg-4 vc_col-md-12 vc_col-xs-12&#8243;][\/vc_column][vc_column offset=&#8221;vc_col-lg-8 vc_col-md-12 vc_col-xs-12&#8243;][\/vc_column][\/vc_row][vc_row][vc_column][vc_empty_space height=&#8221;70px&#8221;][\/vc_column][\/vc_row][vc_row disable_element=&#8221;yes&#8221; row_content_width=&#8221;grid&#8221; content_text_aligment=&#8221;center&#8221;][vc_column width=&#8221;1\/3&#8243;][vc_raw_html]JTNDaW1nJTIwc3R5bGUlM0QlMjJ3aWR0aCUzQSUyMDIwJTI1JTNCJTIyJTIwc3JjJTNEJTIyaHR0cHMlM0ElMkYlMkZpbWcuaWNvbnM4LmNvbSUyRmlvcyUyRjEwMCUyRjAwMDAwMCUyRnNweWdsYXNzLnBuZyUyMiUyRiUzRQ==[\/vc_raw_html][vc_column_text]Richiedi dove si trova il tuo punto vendita pi\u00f9 vicino[\/vc_column_text][vc_empty_space height=&#8221;40px&#8221;][\/vc_column][vc_column width=&#8221;1\/3&#8243;][vc_raw_html]JTNDaW1nJTIwc3R5bGUlM0QlMjJ3aWR0aCUzQSUyMDIwJTI1JTNCJTIyJTIwc3JjJTNEJTIyaHR0cHMlM0ElMkYlMkZpbWcuaWNvbnM4LmNvbSUyRmlvcyUyRjk2JTJGMDAwMDAwJTJGbWFya2VyLS12MS5wbmclMjIlMkYlM0U=[\/vc_raw_html][vc_column_text]Trova tutte le informazioni, le offerte e le novit\u00e0[\/vc_column_text][vc_empty_space height=&#8221;40px&#8221;][\/vc_column][vc_column width=&#8221;1\/3&#8243;][vc_raw_html]JTNDaW1nJTIwc3R5bGUlM0QlMjJ3aWR0aCUzQSUyMDIwJTI1JTNCJTIyJTIwc3JjJTNEJTIyaHR0cHMlM0ElMkYlMkZpbWcuaWNvbnM4LmNvbSUyRmlvcyUyRjk2JTJGMDAwMDAwJTJGc3Rhci0tdjEucG5nJTIyJTJGJTNF[\/vc_raw_html][vc_column_text]Mantieni [&hellip;]<\/p>\n","protected":false},"author":1,"featured_media":0,"parent":0,"menu_order":0,"comment_status":"closed","ping_status":"closed","template":"full-width.php","meta":{"footnotes":""},"yoast_head":"<!-- This site is optimized with the Yoast SEO plugin v22.5 - https:\/\/yoast.com\/wordpress\/plugins\/seo\/ -->\n<title>Punti vendita - Aerre Divani<\/title>\n<meta name=\"robots\" content=\"index, follow, max-snippet:-1, max-image-preview:large, max-video-preview:-1\" \/>\n<link rel=\"canonical\" href=\"https:\/\/www.aerredivani.it\/fr\/richiedi-punto-vendita\/\" \/>\n<meta property=\"og:locale\" content=\"fr_FR\" \/>\n<meta property=\"og:type\" content=\"article\" \/>\n<meta property=\"og:title\" content=\"Punti vendita - Aerre Divani\" \/>\n<meta property=\"og:description\" content=\"[vc_row][vc_column][\/vc_column][\/vc_row][vc_row][vc_column][vc_column_text][\/vc_column_text][\/vc_column][\/vc_row][vc_row disable_element=&#8221;yes&#8221; row_content_width=&#8221;grid&#8221; css=&#8221;.vc_custom_1640276079525{padding-top: 88px !important;padding-bottom: 70px !important;}&#8221;][vc_column offset=&#8221;vc_col-lg-4 vc_col-md-12 vc_col-xs-12&#8243;][\/vc_column][vc_column offset=&#8221;vc_col-lg-8 vc_col-md-12 vc_col-xs-12&#8243;][\/vc_column][\/vc_row][vc_row][vc_column][vc_empty_space height=&#8221;70px&#8221;][\/vc_column][\/vc_row][vc_row disable_element=&#8221;yes&#8221; row_content_width=&#8221;grid&#8221; content_text_aligment=&#8221;center&#8221;][vc_column width=&#8221;1\/3&#8243;][vc_raw_html]JTNDaW1nJTIwc3R5bGUlM0QlMjJ3aWR0aCUzQSUyMDIwJTI1JTNCJTIyJTIwc3JjJTNEJTIyaHR0cHMlM0ElMkYlMkZpbWcuaWNvbnM4LmNvbSUyRmlvcyUyRjEwMCUyRjAwMDAwMCUyRnNweWdsYXNzLnBuZyUyMiUyRiUzRQ==[\/vc_raw_html][vc_column_text]Richiedi dove si trova il tuo punto vendita pi\u00f9 vicino[\/vc_column_text][vc_empty_space height=&#8221;40px&#8221;][\/vc_column][vc_column width=&#8221;1\/3&#8243;][vc_raw_html]JTNDaW1nJTIwc3R5bGUlM0QlMjJ3aWR0aCUzQSUyMDIwJTI1JTNCJTIyJTIwc3JjJTNEJTIyaHR0cHMlM0ElMkYlMkZpbWcuaWNvbnM4LmNvbSUyRmlvcyUyRjk2JTJGMDAwMDAwJTJGbWFya2VyLS12MS5wbmclMjIlMkYlM0U=[\/vc_raw_html][vc_column_text]Trova tutte le informazioni, le offerte e le novit\u00e0[\/vc_column_text][vc_empty_space height=&#8221;40px&#8221;][\/vc_column][vc_column width=&#8221;1\/3&#8243;][vc_raw_html]JTNDaW1nJTIwc3R5bGUlM0QlMjJ3aWR0aCUzQSUyMDIwJTI1JTNCJTIyJTIwc3JjJTNEJTIyaHR0cHMlM0ElMkYlMkZpbWcuaWNvbnM4LmNvbSUyRmlvcyUyRjk2JTJGMDAwMDAwJTJGc3Rhci0tdjEucG5nJTIyJTJGJTNF[\/vc_raw_html][vc_column_text]Mantieni [&hellip;]\" \/>\n<meta property=\"og:url\" content=\"https:\/\/www.aerredivani.it\/fr\/richiedi-punto-vendita\/\" \/>\n<meta property=\"og:site_name\" content=\"Aerre Divani\" \/>\n<meta property=\"article:modified_time\" content=\"2022-04-11T15:21:09+00:00\" \/>\n<meta name=\"twitter:card\" content=\"summary_large_image\" \/>\n<meta name=\"twitter:label1\" content=\"Dur\u00e9e de lecture estim\u00e9e\" \/>\n\t<meta name=\"twitter:data1\" content=\"2 minutes\" \/>\n<script type=\"application\/ld+json\" class=\"yoast-schema-graph\">{\"@context\":\"https:\/\/schema.org\",\"@graph\":[{\"@type\":\"WebPage\",\"@id\":\"https:\/\/www.aerredivani.it\/fr\/richiedi-punto-vendita\/\",\"url\":\"https:\/\/www.aerredivani.it\/fr\/richiedi-punto-vendita\/\",\"name\":\"Punti vendita - Aerre Divani\",\"isPartOf\":{\"@id\":\"https:\/\/www.aerredivani.it\/fr\/#website\"},\"datePublished\":\"2017-11-09T06:26:50+00:00\",\"dateModified\":\"2022-04-11T15:21:09+00:00\",\"breadcrumb\":{\"@id\":\"https:\/\/www.aerredivani.it\/fr\/richiedi-punto-vendita\/#breadcrumb\"},\"inLanguage\":\"fr-FR\",\"potentialAction\":[{\"@type\":\"ReadAction\",\"target\":[\"https:\/\/www.aerredivani.it\/fr\/richiedi-punto-vendita\/\"]}]},{\"@type\":\"BreadcrumbList\",\"@id\":\"https:\/\/www.aerredivani.it\/fr\/richiedi-punto-vendita\/#breadcrumb\",\"itemListElement\":[{\"@type\":\"ListItem\",\"position\":1,\"name\":\"Home\",\"item\":\"https:\/\/www.aerredivani.it\/fr\/\"},{\"@type\":\"ListItem\",\"position\":2,\"name\":\"Punti vendita\"}]},{\"@type\":\"WebSite\",\"@id\":\"https:\/\/www.aerredivani.it\/fr\/#website\",\"url\":\"https:\/\/www.aerredivani.it\/fr\/\",\"name\":\"Aerre Divani\",\"description\":\"Garanzia di stile e qualit\u00e0\",\"potentialAction\":[{\"@type\":\"SearchAction\",\"target\":{\"@type\":\"EntryPoint\",\"urlTemplate\":\"https:\/\/www.aerredivani.it\/fr\/?s={search_term_string}\"},\"query-input\":\"required name=search_term_string\"}],\"inLanguage\":\"fr-FR\"}]}<\/script>\n<!-- \/ Yoast SEO plugin. -->","yoast_head_json":{"title":"Punti vendita - Aerre Divani","robots":{"index":"index","follow":"follow","max-snippet":"max-snippet:-1","max-image-preview":"max-image-preview:large","max-video-preview":"max-video-preview:-1"},"canonical":"https:\/\/www.aerredivani.it\/fr\/richiedi-punto-vendita\/","og_locale":"fr_FR","og_type":"article","og_title":"Punti vendita - Aerre Divani","og_description":"[vc_row][vc_column][\/vc_column][\/vc_row][vc_row][vc_column][vc_column_text][\/vc_column_text][\/vc_column][\/vc_row][vc_row disable_element=&#8221;yes&#8221; row_content_width=&#8221;grid&#8221; css=&#8221;.vc_custom_1640276079525{padding-top: 88px !important;padding-bottom: 70px !important;}&#8221;][vc_column offset=&#8221;vc_col-lg-4 vc_col-md-12 vc_col-xs-12&#8243;][\/vc_column][vc_column offset=&#8221;vc_col-lg-8 vc_col-md-12 vc_col-xs-12&#8243;][\/vc_column][\/vc_row][vc_row][vc_column][vc_empty_space height=&#8221;70px&#8221;][\/vc_column][\/vc_row][vc_row disable_element=&#8221;yes&#8221; row_content_width=&#8221;grid&#8221; content_text_aligment=&#8221;center&#8221;][vc_column width=&#8221;1\/3&#8243;][vc_raw_html]JTNDaW1nJTIwc3R5bGUlM0QlMjJ3aWR0aCUzQSUyMDIwJTI1JTNCJTIyJTIwc3JjJTNEJTIyaHR0cHMlM0ElMkYlMkZpbWcuaWNvbnM4LmNvbSUyRmlvcyUyRjEwMCUyRjAwMDAwMCUyRnNweWdsYXNzLnBuZyUyMiUyRiUzRQ==[\/vc_raw_html][vc_column_text]Richiedi dove si trova il tuo punto vendita pi\u00f9 vicino[\/vc_column_text][vc_empty_space height=&#8221;40px&#8221;][\/vc_column][vc_column width=&#8221;1\/3&#8243;][vc_raw_html]JTNDaW1nJTIwc3R5bGUlM0QlMjJ3aWR0aCUzQSUyMDIwJTI1JTNCJTIyJTIwc3JjJTNEJTIyaHR0cHMlM0ElMkYlMkZpbWcuaWNvbnM4LmNvbSUyRmlvcyUyRjk2JTJGMDAwMDAwJTJGbWFya2VyLS12MS5wbmclMjIlMkYlM0U=[\/vc_raw_html][vc_column_text]Trova tutte le informazioni, le offerte e le novit\u00e0[\/vc_column_text][vc_empty_space height=&#8221;40px&#8221;][\/vc_column][vc_column width=&#8221;1\/3&#8243;][vc_raw_html]JTNDaW1nJTIwc3R5bGUlM0QlMjJ3aWR0aCUzQSUyMDIwJTI1JTNCJTIyJTIwc3JjJTNEJTIyaHR0cHMlM0ElMkYlMkZpbWcuaWNvbnM4LmNvbSUyRmlvcyUyRjk2JTJGMDAwMDAwJTJGc3Rhci0tdjEucG5nJTIyJTJGJTNF[\/vc_raw_html][vc_column_text]Mantieni [&hellip;]","og_url":"https:\/\/www.aerredivani.it\/fr\/richiedi-punto-vendita\/","og_site_name":"Aerre Divani","article_modified_time":"2022-04-11T15:21:09+00:00","twitter_card":"summary_large_image","twitter_misc":{"Dur\u00e9e de lecture estim\u00e9e":"2 minutes"},"schema":{"@context":"https:\/\/schema.org","@graph":[{"@type":"WebPage","@id":"https:\/\/www.aerredivani.it\/fr\/richiedi-punto-vendita\/","url":"https:\/\/www.aerredivani.it\/fr\/richiedi-punto-vendita\/","name":"Punti vendita - Aerre Divani","isPartOf":{"@id":"https:\/\/www.aerredivani.it\/fr\/#website"},"datePublished":"2017-11-09T06:26:50+00:00","dateModified":"2022-04-11T15:21:09+00:00","breadcrumb":{"@id":"https:\/\/www.aerredivani.it\/fr\/richiedi-punto-vendita\/#breadcrumb"},"inLanguage":"fr-FR","potentialAction":[{"@type":"ReadAction","target":["https:\/\/www.aerredivani.it\/fr\/richiedi-punto-vendita\/"]}]},{"@type":"BreadcrumbList","@id":"https:\/\/www.aerredivani.it\/fr\/richiedi-punto-vendita\/#breadcrumb","itemListElement":[{"@type":"ListItem","position":1,"name":"Home","item":"https:\/\/www.aerredivani.it\/fr\/"},{"@type":"ListItem","position":2,"name":"Punti vendita"}]},{"@type":"WebSite","@id":"https:\/\/www.aerredivani.it\/fr\/#website","url":"https:\/\/www.aerredivani.it\/fr\/","name":"Aerre Divani","description":"Garanzia di stile e qualit\u00e0","potentialAction":[{"@type":"SearchAction","target":{"@type":"EntryPoint","urlTemplate":"https:\/\/www.aerredivani.it\/fr\/?s={search_term_string}"},"query-input":"required name=search_term_string"}],"inLanguage":"fr-FR"}]}},"rttpg_featured_image_url":null,"rttpg_author":{"display_name":"Gek","author_link":"https:\/\/www.aerredivani.it\/fr\/author\/gek\/"},"rttpg_comment":0,"rttpg_category":false,"rttpg_excerpt":"[vc_row][vc_column][\/vc_column][\/vc_row][vc_row][vc_column][vc_column_text][\/vc_column_text][\/vc_column][\/vc_row][vc_row disable_element=&#8221;yes&#8221; row_content_width=&#8221;grid&#8221; css=&#8221;.vc_custom_1640276079525{padding-top: 88px !important;padding-bottom: 70px !important;}&#8221;][vc_column offset=&#8221;vc_col-lg-4 vc_col-md-12 vc_col-xs-12&#8243;][\/vc_column][vc_column offset=&#8221;vc_col-lg-8 vc_col-md-12 vc_col-xs-12&#8243;][\/vc_column][\/vc_row][vc_row][vc_column][vc_empty_space height=&#8221;70px&#8221;][\/vc_column][\/vc_row][vc_row disable_element=&#8221;yes&#8221; row_content_width=&#8221;grid&#8221; content_text_aligment=&#8221;center&#8221;][vc_column width=&#8221;1\/3&#8243;][vc_raw_html]JTNDaW1nJTIwc3R5bGUlM0QlMjJ3aWR0aCUzQSUyMDIwJTI1JTNCJTIyJTIwc3JjJTNEJTIyaHR0cHMlM0ElMkYlMkZpbWcuaWNvbnM4LmNvbSUyRmlvcyUyRjEwMCUyRjAwMDAwMCUyRnNweWdsYXNzLnBuZyUyMiUyRiUzRQ==[\/vc_raw_html][vc_column_text]Richiedi dove si trova il tuo punto vendita pi\u00f9 vicino[\/vc_column_text][vc_empty_space height=&#8221;40px&#8221;][\/vc_column][vc_column width=&#8221;1\/3&#8243;][vc_raw_html]JTNDaW1nJTIwc3R5bGUlM0QlMjJ3aWR0aCUzQSUyMDIwJTI1JTNCJTIyJTIwc3JjJTNEJTIyaHR0cHMlM0ElMkYlMkZpbWcuaWNvbnM4LmNvbSUyRmlvcyUyRjk2JTJGMDAwMDAwJTJGbWFya2VyLS12MS5wbmclMjIlMkYlM0U=[\/vc_raw_html][vc_column_text]Trova tutte le informazioni, le offerte e le novit\u00e0[\/vc_column_text][vc_empty_space height=&#8221;40px&#8221;][\/vc_column][vc_column width=&#8221;1\/3&#8243;][vc_raw_html]JTNDaW1nJTIwc3R5bGUlM0QlMjJ3aWR0aCUzQSUyMDIwJTI1JTNCJTIyJTIwc3JjJTNEJTIyaHR0cHMlM0ElMkYlMkZpbWcuaWNvbnM4LmNvbSUyRmlvcyUyRjk2JTJGMDAwMDAwJTJGc3Rhci0tdjEucG5nJTIyJTJGJTNF[\/vc_raw_html][vc_column_text]Mantieni [&hellip;]","_links":{"self":[{"href":"https:\/\/www.aerredivani.it\/fr\/wp-json\/wp\/v2\/pages\/10235"}],"collection":[{"href":"https:\/\/www.aerredivani.it\/fr\/wp-json\/wp\/v2\/pages"}],"about":[{"href":"https:\/\/www.aerredivani.it\/fr\/wp-json\/wp\/v2\/types\/page"}],"author":[{"embeddable":true,"href":"https:\/\/www.aerredivani.it\/fr\/wp-json\/wp\/v2\/users\/1"}],"replies":[{"embeddable":true,"href":"https:\/\/www.aerredivani.it\/fr\/wp-json\/wp\/v2\/comments?post=10235"}],"version-history":[{"count":2,"href":"https:\/\/www.aerredivani.it\/fr\/wp-json\/wp\/v2\/pages\/10235\/revisions"}],"predecessor-version":[{"id":10344,"href":"https:\/\/www.aerredivani.it\/fr\/wp-json\/wp\/v2\/pages\/10235\/revisions\/10344"}],"wp:attachment":[{"href":"https:\/\/www.aerredivani.it\/fr\/wp-json\/wp\/v2\/media?parent=10235"}],"curies":[{"name":"wp","href":"https:\/\/api.w.org\/{rel}","templated":true}]}}