{"id":10204,"date":"2021-12-23T15:29:55","date_gmt":"2021-12-23T14:29:55","guid":{"rendered":"https:\/\/www.aerredivani.it\/azienda\/"},"modified":"2026-03-10T16:43:42","modified_gmt":"2026-03-10T15:43:42","slug":"azienda","status":"publish","type":"page","link":"https:\/\/www.aerredivani.it\/fr\/entreprise\/","title":{"rendered":"Azienda"},"content":{"rendered":"\t\t<div data-elementor-type=\"wp-page\" data-elementor-id=\"10204\" class=\"elementor elementor-10204 elementor-5168\" data-elementor-post-type=\"page\">\n\t\t\t\t\t\t<section class=\"elementor-section elementor-top-section elementor-element elementor-element-b6ba3dd elementor-section-full_width elementor-section-stretched elementor-section-height-default elementor-section-height-default\" data-id=\"b6ba3dd\" data-element_type=\"section\" data-settings=\"{&quot;stretch_section&quot;:&quot;section-stretched&quot;}\">\n\t\t\t\t\t\t<div class=\"elementor-container elementor-column-gap-default\">\n\t\t\t\t\t<div class=\"elementor-column elementor-col-100 elementor-top-column elementor-element elementor-element-4de1047\" data-id=\"4de1047\" data-element_type=\"column\">\n\t\t\t<div class=\"elementor-widget-wrap elementor-element-populated\">\n\t\t\t\t\t\t<div class=\"elementor-element elementor-element-08226e0 elementor-widget elementor-widget-shortcode\" data-id=\"08226e0\" data-element_type=\"widget\" data-widget_type=\"shortcode.default\">\n\t\t\t\t<div class=\"elementor-widget-container\">\n\t\t\t\t\t<div class=\"elementor-shortcode\">\n\t\t\t<!-- START Chi Siamo  FR REVOLUTION SLIDER 6.5.7 --><p class=\"rs-p-wp-fix\"><\/p>\n\t\t\t<rs-module-wrap id=\"rev_slider_125_1_wrapper\" data-source=\"gallery\" style=\"visibility:hidden;background:transparent;padding:0;margin:0px auto;margin-top:0;margin-bottom:0;\">\n\t\t\t\t<rs-module id=\"rev_slider_125_1\" style=\"\" data-version=\"6.5.7\">\n\t\t\t\t\t<rs-slides>\n\t\t\t\t\t\t<rs-slide style=\"position: absolute;\" data-key=\"rs-313\" data-title=\"Slide\" data-in=\"o:0;\" data-out=\"a:false;\">\n\t\t\t\t\t\t\t<img fetchpriority=\"high\" decoding=\"async\" src=\"\/\/www.aerredivani.it\/wp-content\/plugins\/revslider\/public\/assets\/assets\/dummy.png\" title=\"Schermata 2021-12-23 alle 15.28.02\" width=\"1408\" height=\"678\" class=\"rev-slidebg tp-rs-img rs-lazyload\" data-lazyload=\"\/\/www.aerredivani.it\/wp-content\/uploads\/2021\/12\/Schermata-2021-12-23-alle-15.28.02.png\" data-parallax=\"8\" data-no-retina>\n<!--\n\t\t\t\t\t\t\t--><rs-layer\n\t\t\t\t\t\t\t\tid=\"slider-125-slide-313-layer-0\" \n\t\t\t\t\t\t\t\tdata-type=\"shape\"\n\t\t\t\t\t\t\t\tdata-rsp_ch=\"on\"\n\t\t\t\t\t\t\t\tdata-xy=\"xo:-13px,-75px,-7px,-4px;yo:-1px,-7px,-4px,-2px;\"\n\t\t\t\t\t\t\t\tdata-text=\"w:normal;s:20,14,7,4;l:0,18,10,6;\"\n\t\t\t\t\t\t\t\tdata-dim=\"w:2065px,1505px,786px,484px;h:870px,544px,464px,482px;\"\n\t\t\t\t\t\t\t\tdata-frame_999=\"o:0;st:w;\"\n\t\t\t\t\t\t\t\tstyle=\"z-index:8;background-color:rgba(0,0,0,0.21);\"\n\t\t\t\t\t\t\t> \n\t\t\t\t\t\t\t<\/rs-layer><!--\n\n\t\t\t\t\t\t\t--><rs-layer\n\t\t\t\t\t\t\t\tid=\"slider-125-slide-313-layer-5\" \n\t\t\t\t\t\t\t\tdata-type=\"text\"\n\t\t\t\t\t\t\t\tdata-rsp_ch=\"on\"\n\t\t\t\t\t\t\t\tdata-xy=\"x:c;xo:0,455px,131px,0;y:t,t,t,m;yo:378px,323px,350px,0;\"\n\t\t\t\t\t\t\t\tdata-text=\"w:normal;s:95,97,90,64;l:90,91,85,60;a:left,left,left,center;\"\n\t\t\t\t\t\t\t\tdata-dim=\"w:auto,auto,auto,357px;h:auto,auto,auto,136.1764705882353px;\"\n\t\t\t\t\t\t\t\tdata-frame_1=\"e:power4.inOut;sp:1500;\"\n\t\t\t\t\t\t\t\tdata-frame_999=\"o:0;st:w;\"\n\t\t\t\t\t\t\t\tstyle=\"z-index:10;font-family:'Roboto Condensed';\"\n\t\t\t\t\t\t\t>Entreprise \n\t\t\t\t\t\t\t<\/rs-layer><!--\n-->\t\t\t\t\t\t<\/rs-slide>\n\t\t\t\t\t<\/rs-slides>\n\t\t\t\t\t<rs-static-layers class=\"rs-stl-visible\"><!--\n\t\t\t\t\t--><\/rs-static-layers>\n\t\t\t\t<\/rs-module>\n\t\t\t\t<script type=\"text\/javascript\">\n\t\t\t\t\tsetREVStartSize({c: 'rev_slider_125_1',rl:[1240,1024,778,480],el:[870,668,450,450],gw:[1920,1400,778,480],gh:[870,870,450,350],type:'hero',justify:'',layout:'fullwidth',mh:\"0\"});if (window.RS_MODULES!==undefined && window.RS_MODULES.modules!==undefined && window.RS_MODULES.modules[\"revslider1251\"]!==undefined) {window.RS_MODULES.modules[\"revslider1251\"].once = false;window.revapi125 = undefined;if (window.RS_MODULES.checkMinimal!==undefined) window.RS_MODULES.checkMinimal()}\n\t\t\t\t<\/script>\n\t\t\t<\/rs-module-wrap>\n\t\t\t<!-- END REVOLUTION SLIDER -->\n<\/div>\n\t\t\t\t<\/div>\n\t\t\t\t<\/div>\n\t\t\t\t\t<\/div>\n\t\t<\/div>\n\t\t\t\t\t<\/div>\n\t\t<\/section>\n\t\t\t\t<section class=\"elementor-section elementor-top-section elementor-element elementor-element-aa245b6 elementor-section-boxed elementor-section-height-default elementor-section-height-default\" data-id=\"aa245b6\" data-element_type=\"section\">\n\t\t\t\t\t\t<div class=\"elementor-container elementor-column-gap-default\">\n\t\t\t\t\t<div class=\"elementor-column elementor-col-100 elementor-top-column elementor-element elementor-element-fcf56a4\" data-id=\"fcf56a4\" data-element_type=\"column\">\n\t\t\t<div class=\"elementor-widget-wrap elementor-element-populated\">\n\t\t\t\t\t\t<div class=\"elementor-element elementor-element-00762a0 elementor-widget__width-initial elementor-widget elementor-widget-heading\" data-id=\"00762a0\" data-element_type=\"widget\" data-widget_type=\"heading.default\">\n\t\t\t\t<div class=\"elementor-widget-container\">\n\t\t\t<style>\/*! elementor - v3.21.0 - 18-04-2024 *\/\n.elementor-heading-title{padding:0;margin:0;line-height:1}.elementor-widget-heading .elementor-heading-title[class*=elementor-size-]>a{color:inherit;font-size:inherit;line-height:inherit}.elementor-widget-heading .elementor-heading-title.elementor-size-small{font-size:15px}.elementor-widget-heading .elementor-heading-title.elementor-size-medium{font-size:19px}.elementor-widget-heading .elementor-heading-title.elementor-size-large{font-size:29px}.elementor-widget-heading .elementor-heading-title.elementor-size-xl{font-size:39px}.elementor-widget-heading .elementor-heading-title.elementor-size-xxl{font-size:59px}<\/style><h2 class=\"elementor-heading-title elementor-size-default\">QUI SOMMES-NOUS<\/h2>\t\t<\/div>\n\t\t\t\t<\/div>\n\t\t\t\t<div class=\"elementor-element elementor-element-20a3102 elementor-widget elementor-widget-text-editor\" data-id=\"20a3102\" data-element_type=\"widget\" data-widget_type=\"text-editor.default\">\n\t\t\t\t<div class=\"elementor-widget-container\">\n\t\t\t<style>\/*! elementor - v3.21.0 - 18-04-2024 *\/\n.elementor-widget-text-editor.elementor-drop-cap-view-stacked .elementor-drop-cap{background-color:#69727d;color:#fff}.elementor-widget-text-editor.elementor-drop-cap-view-framed .elementor-drop-cap{color:#69727d;border:3px solid;background-color:transparent}.elementor-widget-text-editor:not(.elementor-drop-cap-view-default) .elementor-drop-cap{margin-top:8px}.elementor-widget-text-editor:not(.elementor-drop-cap-view-default) .elementor-drop-cap-letter{width:1em;height:1em}.elementor-widget-text-editor .elementor-drop-cap{float:left;text-align:center;line-height:1;font-size:50px}.elementor-widget-text-editor .elementor-drop-cap-letter{display:inline-block}<\/style>\t\t\t\t<p>AERRE est une entreprise italienne n\u00e9e en 1986 \u00e0 Quarrata \u2013 Toscane , l\u2019objectif de cette entreprise est depuis le d\u00e9but de cr\u00e9er des canap\u00e9s artisanaux de haute qualit\u00e9 et enti\u00e8rement fabriqu\u00e9s en Italie. De la conception \u00e0 la production, le contr\u00f4le de la qualit\u00e9 et de l\u2019emballage, les phases de r\u00e9alisation ont lieu dans nos laboratoires, en utilisant des mat\u00e9riaux de premier choix, soigneusement s\u00e9lectionn\u00e9s et habilement trait\u00e9s par du personnel qualifi\u00e9.<\/p>\n\t\t\t\t\t\t<\/div>\n\t\t\t\t<\/div>\n\t\t\t\t<div class=\"elementor-element elementor-element-254055b elementor-widget elementor-widget-text-editor\" data-id=\"254055b\" data-element_type=\"widget\" data-widget_type=\"text-editor.default\">\n\t\t\t\t<div class=\"elementor-widget-container\">\n\t\t\t\t\t\t\tGr\u00e2ce \u00e0 une recherche constante \u00e0 un design raffin\u00e9 et \u00e0 une tr\u00e8s haute qualit\u00e9, AERRE offre aujourd\u2019hui \u00e0 ses clients des canap\u00e9s et des fauteuils de grand niveau esth\u00e9tique, capables de satisfaire toute exigence et d\u2019ajouter de la valeur \u00e0 n\u2019importe quelle ambiance. L\u2019un des points forts est la sp\u00e9cialisation, acquise au fil des ans, dans l\u2019utilisation de m\u00e9canismes convertibles et de relaxation. Aujourd\u2019hui les produits AERRE sont connus et appr\u00e9ci\u00e9s dans de nombreux pays et repr\u00e9sentent une r\u00e9f\u00e9rence dans le secteur des du meuble rembourr\u00e9 de haute qualit\u00e9.\r\nUn prodotto Aerre \u00e8 garanzia di stile e qualit\u00e0, \u00e8 una creazione di valore che aggiunge valore ad ogni ambiente.\t\t\t\t\t\t<\/div>\n\t\t\t\t<\/div>\n\t\t\t\t\t<\/div>\n\t\t<\/div>\n\t\t\t\t\t<\/div>\n\t\t<\/section>\n\t\t\t\t<section class=\"elementor-section elementor-top-section elementor-element elementor-element-5038dd4 elementor-section-boxed elementor-section-height-default elementor-section-height-default\" data-id=\"5038dd4\" data-element_type=\"section\">\n\t\t\t\t\t\t<div class=\"elementor-container elementor-column-gap-default\">\n\t\t\t\t\t<div class=\"elementor-column elementor-col-100 elementor-top-column elementor-element elementor-element-dbc6d40\" data-id=\"dbc6d40\" data-element_type=\"column\">\n\t\t\t<div class=\"elementor-widget-wrap elementor-element-populated\">\n\t\t\t\t\t\t<div class=\"elementor-element elementor-element-5de2d44 elementor-widget elementor-widget-html\" data-id=\"5de2d44\" data-element_type=\"widget\" data-widget_type=\"html.default\">\n\t\t\t\t<div class=\"elementor-widget-container\">\n\t\t\t<iframe src=\"https:\/\/player.vimeo.com\/video\/680770263?h=84cd086ace\" width=\"100%\" height=\"630\" frameborder=\"0\" allow=\"autoplay; fullscreen; picture-in-picture\" allowfullscreen><\/iframe>\t\t<\/div>\n\t\t\t\t<\/div>\n\t\t\t\t\t<\/div>\n\t\t<\/div>\n\t\t\t\t\t<\/div>\n\t\t<\/section>\n\t\t\t\t<section class=\"elementor-section elementor-top-section elementor-element elementor-element-45c71c0 elementor-section-boxed elementor-section-height-default elementor-section-height-default\" data-id=\"45c71c0\" data-element_type=\"section\">\n\t\t\t\t\t\t<div class=\"elementor-container elementor-column-gap-default\">\n\t\t\t\t\t<div class=\"elementor-column elementor-col-50 elementor-top-column elementor-element elementor-element-ad43fcf\" data-id=\"ad43fcf\" data-element_type=\"column\">\n\t\t\t<div class=\"elementor-widget-wrap elementor-element-populated\">\n\t\t\t\t\t\t<div class=\"elementor-element elementor-element-c027945 elementor-widget elementor-widget-heading\" data-id=\"c027945\" data-element_type=\"widget\" data-widget_type=\"heading.default\">\n\t\t\t\t<div class=\"elementor-widget-container\">\n\t\t\t<h2 class=\"elementor-heading-title elementor-size-default\">QUALITE<\/h2>\t\t<\/div>\n\t\t\t\t<\/div>\n\t\t\t\t<div class=\"elementor-element elementor-element-57cdc0d elementor-widget elementor-widget-text-editor\" data-id=\"57cdc0d\" data-element_type=\"widget\" data-widget_type=\"text-editor.default\">\n\t\t\t\t<div class=\"elementor-widget-container\">\n\t\t\t\t\t\t\tTous les produits AERRE sont fabriqu\u00e9s en Italie, dans nos \u00e9tablissements de Quarrata, dans un territoire o\u00f9 l\u2019entreprise a ses origines et o\u00f9 r\u00e9aliser des canap\u00e9s artisanaux repr\u00e9sente une tradition parmi les plus anciennes du secteur. Dans toutes les phases de fabrication, les produits Aerre subissent des contr\u00f4les de qualit\u00e9 rigoureux par un personnel hautement sp\u00e9cialis\u00e9, les mat\u00e9riaux utilis\u00e9s sont soigneusement s\u00e9lectionn\u00e9s et proviennent des meilleures entreprises italiennes. Un produit Aerre est une garantie de style et de qualit\u00e9, c\u2019est une cr\u00e9ation de valeur qui ajoute de la valeur \u00e0 chaque ambiance.\r\n\t\t\t\t\t\t<\/div>\n\t\t\t\t<\/div>\n\t\t\t\t\t<\/div>\n\t\t<\/div>\n\t\t\t\t<div class=\"elementor-column elementor-col-50 elementor-top-column elementor-element elementor-element-929327a\" data-id=\"929327a\" data-element_type=\"column\">\n\t\t\t<div class=\"elementor-widget-wrap elementor-element-populated\">\n\t\t\t\t\t\t<div class=\"elementor-element elementor-element-6d84bb9 elementor-arrows-position-inside elementor-widget elementor-widget-image-carousel\" data-id=\"6d84bb9\" data-element_type=\"widget\" data-settings=\"{&quot;slides_to_show&quot;:&quot;1&quot;,&quot;navigation&quot;:&quot;arrows&quot;,&quot;autoplay&quot;:&quot;yes&quot;,&quot;pause_on_hover&quot;:&quot;yes&quot;,&quot;pause_on_interaction&quot;:&quot;yes&quot;,&quot;autoplay_speed&quot;:5000,&quot;infinite&quot;:&quot;yes&quot;,&quot;effect&quot;:&quot;slide&quot;,&quot;speed&quot;:500}\" data-widget_type=\"image-carousel.default\">\n\t\t\t\t<div class=\"elementor-widget-container\">\n\t\t\t<style>\/*! elementor - v3.21.0 - 18-04-2024 *\/\n.elementor-widget-image-carousel .swiper,.elementor-widget-image-carousel .swiper-container{position:static}.elementor-widget-image-carousel .swiper-container .swiper-slide figure,.elementor-widget-image-carousel .swiper .swiper-slide figure{line-height:inherit}.elementor-widget-image-carousel .swiper-slide{text-align:center}.elementor-image-carousel-wrapper:not(.swiper-container-initialized):not(.swiper-initialized) .swiper-slide{max-width:calc(100% \/ var(--e-image-carousel-slides-to-show, 3))}<\/style>\t\t<div class=\"elementor-image-carousel-wrapper swiper\" dir=\"ltr\">\n\t\t\t<div class=\"elementor-image-carousel swiper-wrapper swiper-image-stretch\" aria-live=\"off\">\n\t\t\t\t\t\t\t\t<div class=\"swiper-slide\" role=\"group\" aria-roledescription=\"slide\" aria-label=\"1 sur 4\"><figure class=\"swiper-slide-inner\"><img decoding=\"async\" class=\"swiper-slide-image\" src=\"https:\/\/www.aerredivani.it\/wp-content\/uploads\/2026\/03\/Aerre_Divani_Italia_2021.jpg\" alt=\"Aerre_Divani_Italia_2021\" \/><\/figure><\/div><div class=\"swiper-slide\" role=\"group\" aria-roledescription=\"slide\" aria-label=\"2 sur 4\"><figure class=\"swiper-slide-inner\"><img decoding=\"async\" class=\"swiper-slide-image\" src=\"https:\/\/www.aerredivani.it\/wp-content\/uploads\/2026\/03\/Aerre_Divani_Italia_2026.jpg\" alt=\"Aerre_Divani_Italia_2026\" \/><\/figure><\/div><div class=\"swiper-slide\" role=\"group\" aria-roledescription=\"slide\" aria-label=\"3 sur 4\"><figure class=\"swiper-slide-inner\"><img decoding=\"async\" class=\"swiper-slide-image\" src=\"https:\/\/www.aerredivani.it\/wp-content\/uploads\/2022\/02\/Aerre_Divani_Italia_202211.jpg\" alt=\"Aerre_Divani_Italia_202211\" \/><\/figure><\/div><div class=\"swiper-slide\" role=\"group\" aria-roledescription=\"slide\" aria-label=\"4 sur 4\"><figure class=\"swiper-slide-inner\"><img decoding=\"async\" class=\"swiper-slide-image\" src=\"https:\/\/www.aerredivani.it\/wp-content\/uploads\/2026\/03\/Aerre_Divani_Italia_2021.jpg\" alt=\"Aerre_Divani_Italia_2021\" \/><\/figure><\/div>\t\t\t<\/div>\n\t\t\t\t\t\t\t\t\t\t\t\t<div class=\"elementor-swiper-button elementor-swiper-button-prev\" role=\"button\" tabindex=\"0\">\n\t\t\t\t\t\t<i aria-hidden=\"true\" class=\"eicon-chevron-left\"><\/i>\t\t\t\t\t<\/div>\n\t\t\t\t\t<div class=\"elementor-swiper-button elementor-swiper-button-next\" role=\"button\" tabindex=\"0\">\n\t\t\t\t\t\t<i aria-hidden=\"true\" class=\"eicon-chevron-right\"><\/i>\t\t\t\t\t<\/div>\n\t\t\t\t\n\t\t\t\t\t\t\t\t\t<\/div>\n\t\t\t\t<\/div>\n\t\t\t\t<\/div>\n\t\t\t\t\t<\/div>\n\t\t<\/div>\n\t\t\t\t\t<\/div>\n\t\t<\/section>\n\t\t\t\t<section class=\"elementor-section elementor-top-section elementor-element elementor-element-822bce3 elementor-section-full_width elementor-section-stretched elementor-section-height-default elementor-section-height-default\" data-id=\"822bce3\" data-element_type=\"section\" data-settings=\"{&quot;stretch_section&quot;:&quot;section-stretched&quot;,&quot;background_background&quot;:&quot;classic&quot;}\">\n\t\t\t\t\t\t<div class=\"elementor-container elementor-column-gap-default\">\n\t\t\t\t\t<div class=\"elementor-column elementor-col-100 elementor-top-column elementor-element elementor-element-1a1d3d8\" data-id=\"1a1d3d8\" data-element_type=\"column\">\n\t\t\t<div class=\"elementor-widget-wrap elementor-element-populated\">\n\t\t\t\t\t\t<div class=\"elementor-element elementor-element-8ae08d3 elementor-widget elementor-widget-html\" data-id=\"8ae08d3\" data-element_type=\"widget\" data-widget_type=\"html.default\">\n\t\t\t\t<div class=\"elementor-widget-container\">\n\t\t\t<div style=\"height:500px\"><\/div>\t\t<\/div>\n\t\t\t\t<\/div>\n\t\t\t\t\t<\/div>\n\t\t<\/div>\n\t\t\t\t\t<\/div>\n\t\t<\/section>\n\t\t\t\t<\/div>\n\t\t","protected":false},"excerpt":{"rendered":"<p>QUI SOMMES-NOUS AERRE est une entreprise italienne n\u00e9e en 1986 \u00e0 Quarrata \u2013 Toscane , l\u2019objectif de cette entreprise est depuis le d\u00e9but de cr\u00e9er des canap\u00e9s artisanaux de haute qualit\u00e9 et enti\u00e8rement fabriqu\u00e9s en Italie. De la conception \u00e0 [&hellip;]<\/p>\n","protected":false},"author":1,"featured_media":0,"parent":0,"menu_order":0,"comment_status":"closed","ping_status":"closed","template":"","meta":{"footnotes":""},"yoast_head":"<!-- This site is optimized with the Yoast SEO plugin v22.5 - https:\/\/yoast.com\/wordpress\/plugins\/seo\/ -->\n<title>Azienda - Aerre Divani<\/title>\n<meta name=\"robots\" content=\"index, follow, max-snippet:-1, max-image-preview:large, max-video-preview:-1\" \/>\n<link rel=\"canonical\" href=\"https:\/\/www.aerredivani.it\/fr\/entreprise\/\" \/>\n<meta property=\"og:locale\" content=\"fr_FR\" \/>\n<meta property=\"og:type\" content=\"article\" \/>\n<meta property=\"og:title\" content=\"Azienda - Aerre Divani\" \/>\n<meta property=\"og:description\" content=\"QUI SOMMES-NOUS AERRE est une entreprise italienne n\u00e9e en 1986 \u00e0 Quarrata \u2013 Toscane , l\u2019objectif de cette entreprise est depuis le d\u00e9but de cr\u00e9er des canap\u00e9s artisanaux de haute qualit\u00e9 et enti\u00e8rement fabriqu\u00e9s en Italie. De la conception \u00e0 [&hellip;]\" \/>\n<meta property=\"og:url\" content=\"https:\/\/www.aerredivani.it\/fr\/entreprise\/\" \/>\n<meta property=\"og:site_name\" content=\"Aerre Divani\" \/>\n<meta property=\"article:modified_time\" content=\"2026-03-10T15:43:42+00:00\" \/>\n<meta property=\"og:image\" content=\"https:\/\/www.aerredivani.it\/wp-content\/uploads\/2026\/03\/Aerre_Divani_Italia_2021.jpg\" \/>\n<meta name=\"twitter:card\" content=\"summary_large_image\" \/>\n<meta name=\"twitter:label1\" content=\"Dur\u00e9e de lecture estim\u00e9e\" \/>\n\t<meta name=\"twitter:data1\" content=\"2 minutes\" \/>\n<script type=\"application\/ld+json\" class=\"yoast-schema-graph\">{\"@context\":\"https:\/\/schema.org\",\"@graph\":[{\"@type\":\"WebPage\",\"@id\":\"https:\/\/www.aerredivani.it\/fr\/entreprise\/\",\"url\":\"https:\/\/www.aerredivani.it\/fr\/entreprise\/\",\"name\":\"Azienda - Aerre Divani\",\"isPartOf\":{\"@id\":\"https:\/\/www.aerredivani.it\/fr\/#website\"},\"primaryImageOfPage\":{\"@id\":\"https:\/\/www.aerredivani.it\/fr\/entreprise\/#primaryimage\"},\"image\":{\"@id\":\"https:\/\/www.aerredivani.it\/fr\/entreprise\/#primaryimage\"},\"thumbnailUrl\":\"https:\/\/www.aerredivani.it\/wp-content\/uploads\/2026\/03\/Aerre_Divani_Italia_2021.jpg\",\"datePublished\":\"2021-12-23T14:29:55+00:00\",\"dateModified\":\"2026-03-10T15:43:42+00:00\",\"breadcrumb\":{\"@id\":\"https:\/\/www.aerredivani.it\/fr\/entreprise\/#breadcrumb\"},\"inLanguage\":\"fr-FR\",\"potentialAction\":[{\"@type\":\"ReadAction\",\"target\":[\"https:\/\/www.aerredivani.it\/fr\/entreprise\/\"]}]},{\"@type\":\"ImageObject\",\"inLanguage\":\"fr-FR\",\"@id\":\"https:\/\/www.aerredivani.it\/fr\/entreprise\/#primaryimage\",\"url\":\"https:\/\/www.aerredivani.it\/wp-content\/uploads\/2026\/03\/Aerre_Divani_Italia_2021.jpg\",\"contentUrl\":\"https:\/\/www.aerredivani.it\/wp-content\/uploads\/2026\/03\/Aerre_Divani_Italia_2021.jpg\"},{\"@type\":\"BreadcrumbList\",\"@id\":\"https:\/\/www.aerredivani.it\/fr\/entreprise\/#breadcrumb\",\"itemListElement\":[{\"@type\":\"ListItem\",\"position\":1,\"name\":\"Home\",\"item\":\"https:\/\/www.aerredivani.it\/fr\/\"},{\"@type\":\"ListItem\",\"position\":2,\"name\":\"Azienda\"}]},{\"@type\":\"WebSite\",\"@id\":\"https:\/\/www.aerredivani.it\/fr\/#website\",\"url\":\"https:\/\/www.aerredivani.it\/fr\/\",\"name\":\"Aerre Divani\",\"description\":\"Garanzia di stile e qualit\u00e0\",\"potentialAction\":[{\"@type\":\"SearchAction\",\"target\":{\"@type\":\"EntryPoint\",\"urlTemplate\":\"https:\/\/www.aerredivani.it\/fr\/?s={search_term_string}\"},\"query-input\":\"required name=search_term_string\"}],\"inLanguage\":\"fr-FR\"}]}<\/script>\n<!-- \/ Yoast SEO plugin. -->","yoast_head_json":{"title":"Azienda - Aerre Divani","robots":{"index":"index","follow":"follow","max-snippet":"max-snippet:-1","max-image-preview":"max-image-preview:large","max-video-preview":"max-video-preview:-1"},"canonical":"https:\/\/www.aerredivani.it\/fr\/entreprise\/","og_locale":"fr_FR","og_type":"article","og_title":"Azienda - Aerre Divani","og_description":"QUI SOMMES-NOUS AERRE est une entreprise italienne n\u00e9e en 1986 \u00e0 Quarrata \u2013 Toscane , l\u2019objectif de cette entreprise est depuis le d\u00e9but de cr\u00e9er des canap\u00e9s artisanaux de haute qualit\u00e9 et enti\u00e8rement fabriqu\u00e9s en Italie. De la conception \u00e0 [&hellip;]","og_url":"https:\/\/www.aerredivani.it\/fr\/entreprise\/","og_site_name":"Aerre Divani","article_modified_time":"2026-03-10T15:43:42+00:00","og_image":[{"url":"https:\/\/www.aerredivani.it\/wp-content\/uploads\/2026\/03\/Aerre_Divani_Italia_2021.jpg"}],"twitter_card":"summary_large_image","twitter_misc":{"Dur\u00e9e de lecture estim\u00e9e":"2 minutes"},"schema":{"@context":"https:\/\/schema.org","@graph":[{"@type":"WebPage","@id":"https:\/\/www.aerredivani.it\/fr\/entreprise\/","url":"https:\/\/www.aerredivani.it\/fr\/entreprise\/","name":"Azienda - Aerre Divani","isPartOf":{"@id":"https:\/\/www.aerredivani.it\/fr\/#website"},"primaryImageOfPage":{"@id":"https:\/\/www.aerredivani.it\/fr\/entreprise\/#primaryimage"},"image":{"@id":"https:\/\/www.aerredivani.it\/fr\/entreprise\/#primaryimage"},"thumbnailUrl":"https:\/\/www.aerredivani.it\/wp-content\/uploads\/2026\/03\/Aerre_Divani_Italia_2021.jpg","datePublished":"2021-12-23T14:29:55+00:00","dateModified":"2026-03-10T15:43:42+00:00","breadcrumb":{"@id":"https:\/\/www.aerredivani.it\/fr\/entreprise\/#breadcrumb"},"inLanguage":"fr-FR","potentialAction":[{"@type":"ReadAction","target":["https:\/\/www.aerredivani.it\/fr\/entreprise\/"]}]},{"@type":"ImageObject","inLanguage":"fr-FR","@id":"https:\/\/www.aerredivani.it\/fr\/entreprise\/#primaryimage","url":"https:\/\/www.aerredivani.it\/wp-content\/uploads\/2026\/03\/Aerre_Divani_Italia_2021.jpg","contentUrl":"https:\/\/www.aerredivani.it\/wp-content\/uploads\/2026\/03\/Aerre_Divani_Italia_2021.jpg"},{"@type":"BreadcrumbList","@id":"https:\/\/www.aerredivani.it\/fr\/entreprise\/#breadcrumb","itemListElement":[{"@type":"ListItem","position":1,"name":"Home","item":"https:\/\/www.aerredivani.it\/fr\/"},{"@type":"ListItem","position":2,"name":"Azienda"}]},{"@type":"WebSite","@id":"https:\/\/www.aerredivani.it\/fr\/#website","url":"https:\/\/www.aerredivani.it\/fr\/","name":"Aerre Divani","description":"Garanzia di stile e qualit\u00e0","potentialAction":[{"@type":"SearchAction","target":{"@type":"EntryPoint","urlTemplate":"https:\/\/www.aerredivani.it\/fr\/?s={search_term_string}"},"query-input":"required name=search_term_string"}],"inLanguage":"fr-FR"}]}},"rttpg_featured_image_url":null,"rttpg_author":{"display_name":"Gek","author_link":"https:\/\/www.aerredivani.it\/fr\/author\/gek\/"},"rttpg_comment":0,"rttpg_category":" <a href=\"https:\/\/www.aerredivani.it\/fr\/?taxonomy=translation_priority&#038;term=facultatif\" rel=\"tag\">Facultatif<\/a>","rttpg_excerpt":"QUI SOMMES-NOUS AERRE est une entreprise italienne n\u00e9e en 1986 \u00e0 Quarrata \u2013 Toscane , l\u2019objectif de cette entreprise est depuis le d\u00e9but de cr\u00e9er des canap\u00e9s artisanaux de haute qualit\u00e9 et enti\u00e8rement fabriqu\u00e9s en Italie. De la conception \u00e0 [&hellip;]","_links":{"self":[{"href":"https:\/\/www.aerredivani.it\/fr\/wp-json\/wp\/v2\/pages\/10204"}],"collection":[{"href":"https:\/\/www.aerredivani.it\/fr\/wp-json\/wp\/v2\/pages"}],"about":[{"href":"https:\/\/www.aerredivani.it\/fr\/wp-json\/wp\/v2\/types\/page"}],"author":[{"embeddable":true,"href":"https:\/\/www.aerredivani.it\/fr\/wp-json\/wp\/v2\/users\/1"}],"replies":[{"embeddable":true,"href":"https:\/\/www.aerredivani.it\/fr\/wp-json\/wp\/v2\/comments?post=10204"}],"version-history":[{"count":11,"href":"https:\/\/www.aerredivani.it\/fr\/wp-json\/wp\/v2\/pages\/10204\/revisions"}],"predecessor-version":[{"id":18106,"href":"https:\/\/www.aerredivani.it\/fr\/wp-json\/wp\/v2\/pages\/10204\/revisions\/18106"}],"wp:attachment":[{"href":"https:\/\/www.aerredivani.it\/fr\/wp-json\/wp\/v2\/media?parent=10204"}],"curies":[{"name":"wp","href":"https:\/\/api.w.org\/{rel}","templated":true}]}}